{"id":1714,"date":"2023-08-16T10:54:26","date_gmt":"2023-08-16T10:54:26","guid":{"rendered":"https:\/\/cheerset.net\/?post_type=product&#038;p=1714"},"modified":"2023-09-08T18:49:27","modified_gmt":"2023-09-08T18:49:27","slug":"cheerset-tarjeta-despedida-trabajo-jubilacion-tamano-grande-a4-21x30-cm-con-sobre","status":"publish","type":"product","link":"https:\/\/cheerset.net\/index.php\/producto\/cheerset-tarjeta-despedida-trabajo-jubilacion-tamano-grande-a4-21x30-cm-con-sobre\/","title":{"rendered":"Cheerset Tarjeta despedida trabajo, jubilaci\u00f3n tama\u00f1o grande A4 21&#215;30 cm con sobre"},"content":{"rendered":"","protected":false},"excerpt":{"rendered":"<ul class=\"a-unordered-list a-vertical a-spacing-mini\">\n<li class=\"a-spacing-mini\"><span class=\"a-list-item\">Tarjeta despedida trabajo o jubilaci\u00f3n lo ayudar\u00e1 a recordarles que los extra\u00f1ar\u00e1n en su antiguo lugar de trabajo.<\/span><\/li>\n<li class=\"a-spacing-mini\"><span class=\"a-list-item\">Mucho espacio en el interior para que todos firmen.<\/span><\/li>\n<li class=\"a-spacing-mini\"><span class=\"a-list-item\">La tarjeta plegada mide 21&#215;30 cm.<\/span><\/li>\n<li class=\"a-spacing-mini\"><span class=\"a-list-item\">Impreso en cartulina premium de 400 g\/m\u00b2, incluye un sobre.<\/span><\/li>\n<\/ul>\n","protected":false},"featured_media":1716,"comment_status":"open","ping_status":"closed","template":"","meta":[],"product_cat":[15],"product_tag":[],"_links":{"self":[{"href":"https:\/\/cheerset.net\/index.php\/wp-json\/wp\/v2\/product\/1714"}],"collection":[{"href":"https:\/\/cheerset.net\/index.php\/wp-json\/wp\/v2\/product"}],"about":[{"href":"https:\/\/cheerset.net\/index.php\/wp-json\/wp\/v2\/types\/product"}],"replies":[{"embeddable":true,"href":"https:\/\/cheerset.net\/index.php\/wp-json\/wp\/v2\/comments?post=1714"}],"wp:featuredmedia":[{"embeddable":true,"href":"https:\/\/cheerset.net\/index.php\/wp-json\/wp\/v2\/media\/1716"}],"wp:attachment":[{"href":"https:\/\/cheerset.net\/index.php\/wp-json\/wp\/v2\/media?parent=1714"}],"wp:term":[{"taxonomy":"product_cat","embeddable":true,"href":"https:\/\/cheerset.net\/index.php\/wp-json\/wp\/v2\/product_cat?post=1714"},{"taxonomy":"product_tag","embeddable":true,"href":"https:\/\/cheerset.net\/index.php\/wp-json\/wp\/v2\/product_tag?post=1714"}],"curies":[{"name":"wp","href":"https:\/\/api.w.org\/{rel}","templated":true}]}}