{"id":1775,"date":"2023-09-08T17:21:36","date_gmt":"2023-09-08T17:21:36","guid":{"rendered":"https:\/\/cheerset.net\/?post_type=product&#038;p=1775"},"modified":"2023-09-08T17:21:37","modified_gmt":"2023-09-08T17:21:37","slug":"pinata-cumpleanos-infantil-para-ninos-perfecta-para-rellenar-con-chuches-y-juguetes","status":"publish","type":"product","link":"https:\/\/cheerset.net\/index.php\/producto\/pinata-cumpleanos-infantil-para-ninos-perfecta-para-rellenar-con-chuches-y-juguetes\/","title":{"rendered":"Pi\u00f1ata cumplea\u00f1os infantil, para ni\u00f1os perfecta para rellenar con chuches y juguetes"},"content":{"rendered":"","protected":false},"excerpt":{"rendered":"<ul class=\"a-unordered-list a-vertical a-spacing-mini\">\n<li class=\"a-spacing-mini\"><span class=\"a-list-item\">Pi\u00f1ata es una de las divertidas actividades favoritas en las fiestas infantiles<\/span><\/li>\n<li class=\"a-spacing-mini\"><span class=\"a-list-item\">El material de la pinata es cart\u00f3n de primera calidad.<\/span><\/li>\n<li class=\"a-spacing-mini\"><span class=\"a-list-item\">Dimensiones: pi\u00f1ata &#8211; 47cm x 31cm x 11cm.<\/span><\/li>\n<li class=\"a-spacing-mini\"><span class=\"a-list-item\">Capacidad grande: 7L. para relleno, con juguetes, golosinas, piruletas, etc.<\/span><\/li>\n<li class=\"a-spacing-mini\"><span class=\"a-list-item\">Satisfacci\u00f3n 100% garantizada.<\/span><\/li>\n<\/ul>\n","protected":false},"featured_media":1789,"comment_status":"open","ping_status":"closed","template":"","meta":[],"product_cat":[15],"product_tag":[],"_links":{"self":[{"href":"https:\/\/cheerset.net\/index.php\/wp-json\/wp\/v2\/product\/1775"}],"collection":[{"href":"https:\/\/cheerset.net\/index.php\/wp-json\/wp\/v2\/product"}],"about":[{"href":"https:\/\/cheerset.net\/index.php\/wp-json\/wp\/v2\/types\/product"}],"replies":[{"embeddable":true,"href":"https:\/\/cheerset.net\/index.php\/wp-json\/wp\/v2\/comments?post=1775"}],"wp:featuredmedia":[{"embeddable":true,"href":"https:\/\/cheerset.net\/index.php\/wp-json\/wp\/v2\/media\/1789"}],"wp:attachment":[{"href":"https:\/\/cheerset.net\/index.php\/wp-json\/wp\/v2\/media?parent=1775"}],"wp:term":[{"taxonomy":"product_cat","embeddable":true,"href":"https:\/\/cheerset.net\/index.php\/wp-json\/wp\/v2\/product_cat?post=1775"},{"taxonomy":"product_tag","embeddable":true,"href":"https:\/\/cheerset.net\/index.php\/wp-json\/wp\/v2\/product_tag?post=1775"}],"curies":[{"name":"wp","href":"https:\/\/api.w.org\/{rel}","templated":true}]}}